{"id":1056,"date":"2022-11-07T13:19:07","date_gmt":"2022-11-07T12:19:07","guid":{"rendered":"https:\/\/aarhusstrandjagtforening.dk\/?page_id=1056"},"modified":"2022-11-10T10:28:53","modified_gmt":"2022-11-10T09:28:53","slug":"venteliste-til-fiskebaadplads","status":"publish","type":"page","link":"https:\/\/aarhusstrandjagtforening.dk\/?page_id=1056","title":{"rendered":"Ventelister til b\u00e5dplads"},"content":{"rendered":"\n<h2 class=\"wp-block-heading\">Venteliste til jagtb\u00e5dplads<\/h2>\n\n\n\n<h2 class=\"wp-block-heading\">Andreas S<\/h2>\n\n\n\n<h2 class=\"wp-block-heading\">Bj\u00f8rn S<\/h2>\n\n\n\n<h2 class=\"wp-block-heading\">J\u00f8rn F<br><\/h2>\n\n\n\n<h2 class=\"wp-block-heading\">Venteliste til Fiskeb\u00e5dsplads<\/h2>\n\n\n\n<h2 class=\"wp-block-heading\">Andreas S<\/h2>\n\n\n\n<h2 class=\"wp-block-heading\">Anton V<\/h2>\n\n\n\n<h2 class=\"wp-block-heading\">Henrik J<\/h2>\n\n\n\n<h2 class=\"wp-block-heading\">Bj\u00f8rn S<\/h2>\n\n\n\n<h2 class=\"wp-block-heading\">Maximilian <\/h2>\n\n\n\n<h2 class=\"wp-block-heading\">J\u00f8rn F<\/h2>\n\n\n\n<h2 class=\"wp-block-heading\"><\/h2>\n\n\n\n<p><\/p>\n\n\n\n<p><strong>2022 priser<\/strong><br><strong>Man skal v\u00e6re medlem af ASMK for at leje en b\u00e5dplads &#8211; \u00e5rligt kontingent<\/strong> <strong>100kr.<\/strong><br><br><strong>Morringspladser ved &#8220;Jagtbro&#8221; <br>Pladsbredde mindre end 180 cm &#8230;&#8230;&#8230;&#8230;&#8230;&#8230;.4600 kr. <br>Pladsbredde 180 &#8211; 215 cm &#8230;&#8230;&#8230;&#8230;&#8230;&#8230;&#8230;&#8230;&#8230;.5600 kr. <br><br>P\u00e6lepladser variere i bredde fra 2,5m til 3 m &#8230;2622 kr. pr. meter<\/strong><\/p>\n\n\n\n<p>Er du interesseret i at f\u00e5 en b\u00e5dplads hos os, er der i \u00f8jeblikket venteliste.<br>Du er velkommen til at kontakte os for en snak om horisont for at kunne leje en b\u00e5dplads.<\/p>\n\n\n\n<p><strong>I \u00f8jeblikket er der gode muligheder for at leje en b\u00e5dplads.<\/strong><\/p>\n\n\n\n<p><a href=\"https:\/\/aarhusstrandjagtforening.dk\/?page_id=1064\">KONTAKT EN FRA BESTYRELSEN, FOR AT FOR AT H\u00d8RE OM MEDLEMSSKAB OG MULIGHEDER P\u00c5 VENTELISTERNE <\/a><\/p>\n\n\n\n<p><a href=\"https:\/\/aarhusstrandjagtforening.dk\/?page_id=7\">Tilbage til forside<\/a><\/p>\n","protected":false},"excerpt":{"rendered":"<p>Venteliste til jagtb\u00e5dplads Andreas S Bj\u00f8rn S J\u00f8rn F Venteliste til Fiskeb\u00e5dsplads Andreas S Anton V Henrik J Bj\u00f8rn S Maximilian J\u00f8rn F 2022 priserMan skal v\u00e6re medlem af ASMK for at leje en b\u00e5dplads &#8211; \u00e5rligt kontingent 100kr. Morringspladser &hellip; <a href=\"https:\/\/aarhusstrandjagtforening.dk\/?page_id=1056\">L\u00e6s resten <span class=\"meta-nav\">&rarr;<\/span><\/a><\/p>\n","protected":false},"author":10,"featured_media":0,"parent":7,"menu_order":0,"comment_status":"closed","ping_status":"closed","template":"","meta":{"footnotes":""},"class_list":["post-1056","page","type-page","status-publish","hentry"],"_links":{"self":[{"href":"https:\/\/aarhusstrandjagtforening.dk\/index.php?rest_route=\/wp\/v2\/pages\/1056","targetHints":{"allow":["GET"]}}],"collection":[{"href":"https:\/\/aarhusstrandjagtforening.dk\/index.php?rest_route=\/wp\/v2\/pages"}],"about":[{"href":"https:\/\/aarhusstrandjagtforening.dk\/index.php?rest_route=\/wp\/v2\/types\/page"}],"author":[{"embeddable":true,"href":"https:\/\/aarhusstrandjagtforening.dk\/index.php?rest_route=\/wp\/v2\/users\/10"}],"replies":[{"embeddable":true,"href":"https:\/\/aarhusstrandjagtforening.dk\/index.php?rest_route=%2Fwp%2Fv2%2Fcomments&post=1056"}],"version-history":[{"count":18,"href":"https:\/\/aarhusstrandjagtforening.dk\/index.php?rest_route=\/wp\/v2\/pages\/1056\/revisions"}],"predecessor-version":[{"id":1150,"href":"https:\/\/aarhusstrandjagtforening.dk\/index.php?rest_route=\/wp\/v2\/pages\/1056\/revisions\/1150"}],"up":[{"embeddable":true,"href":"https:\/\/aarhusstrandjagtforening.dk\/index.php?rest_route=\/wp\/v2\/pages\/7"}],"wp:attachment":[{"href":"https:\/\/aarhusstrandjagtforening.dk\/index.php?rest_route=%2Fwp%2Fv2%2Fmedia&parent=1056"}],"curies":[{"name":"wp","href":"https:\/\/api.w.org\/{rel}","templated":true}]}}