{"id":1064,"date":"2022-11-07T13:59:23","date_gmt":"2022-11-07T12:59:23","guid":{"rendered":"https:\/\/aarhusstrandjagtforening.dk\/?page_id=1064"},"modified":"2024-03-16T11:46:52","modified_gmt":"2024-03-16T10:46:52","slug":"bestyrelse-asmk","status":"publish","type":"page","link":"https:\/\/aarhusstrandjagtforening.dk\/?page_id=1064","title":{"rendered":"Aarhus Strandj\u00e6gernes Motorb\u00e5dsklub Bestyrelse:"},"content":{"rendered":"\n<p><\/p>\n\n\n\n<p><strong>Formand:<\/strong><br>Christian Johansen<br><a href=\"mailto:kim_noes@hotmail.com\" target=\"_blank\" rel=\"noreferrer noopener\">chrjo22@gmail.com<\/a><br>20 83 11 66<br><br><strong>Kasserer:<\/strong><br>Henrik Rasmussen<br><a href=\"mailto:henrik-rasmussen@live.dk\" target=\"_blank\" rel=\"noreferrer noopener\">henrik-rasmussen@live.dk<\/a><\/p>\n\n\n\n<p><strong>Bestyrelsesmedlem<\/strong>\/<strong>Fart\u00f8jsinspekt\u00f8r<\/strong><br>Anders Gottenborg Rasmussen<br>anders@gottenborg.dk<br>60 12 38 00<\/p>\n\n\n\n<p><strong>Bestyrelsesmedlem<\/strong><br>Emil N\u00f8hr<br><a href=\"mailto:emilnohr@live.dk\" target=\"_blank\" rel=\"noreferrer noopener\">emilnoehr@live.dk<\/a><br>29 40 93 83<\/p>\n\n\n\n<p><strong>Bestyrelsesmedlem<\/strong><br>Anders Jakobsen<br>anjak74@hotmail.com<br>51 80 86 92<\/p>\n\n\n\n<p><a href=\"https:\/\/aarhusstrandjagtforening.dk\/?page_id=7\">Tilbage til forside<\/a><\/p>\n","protected":false},"excerpt":{"rendered":"<p>Formand:Christian Johansenchrjo22@gmail.com20 83 11 66 Kasserer:Henrik Rasmussenhenrik-rasmussen@live.dk Bestyrelsesmedlem\/Fart\u00f8jsinspekt\u00f8rAnders Gottenborg Rasmussenanders@gottenborg.dk60 12 38 00 BestyrelsesmedlemEmil N\u00f8hremilnoehr@live.dk29 40 93 83 BestyrelsesmedlemAnders Jakobsenanjak74@hotmail.com51 80 86 92 Tilbage til forside<\/p>\n","protected":false},"author":10,"featured_media":0,"parent":7,"menu_order":0,"comment_status":"closed","ping_status":"closed","template":"","meta":{"footnotes":""},"class_list":["post-1064","page","type-page","status-publish","hentry"],"_links":{"self":[{"href":"https:\/\/aarhusstrandjagtforening.dk\/index.php?rest_route=\/wp\/v2\/pages\/1064","targetHints":{"allow":["GET"]}}],"collection":[{"href":"https:\/\/aarhusstrandjagtforening.dk\/index.php?rest_route=\/wp\/v2\/pages"}],"about":[{"href":"https:\/\/aarhusstrandjagtforening.dk\/index.php?rest_route=\/wp\/v2\/types\/page"}],"author":[{"embeddable":true,"href":"https:\/\/aarhusstrandjagtforening.dk\/index.php?rest_route=\/wp\/v2\/users\/10"}],"replies":[{"embeddable":true,"href":"https:\/\/aarhusstrandjagtforening.dk\/index.php?rest_route=%2Fwp%2Fv2%2Fcomments&post=1064"}],"version-history":[{"count":7,"href":"https:\/\/aarhusstrandjagtforening.dk\/index.php?rest_route=\/wp\/v2\/pages\/1064\/revisions"}],"predecessor-version":[{"id":1243,"href":"https:\/\/aarhusstrandjagtforening.dk\/index.php?rest_route=\/wp\/v2\/pages\/1064\/revisions\/1243"}],"up":[{"embeddable":true,"href":"https:\/\/aarhusstrandjagtforening.dk\/index.php?rest_route=\/wp\/v2\/pages\/7"}],"wp:attachment":[{"href":"https:\/\/aarhusstrandjagtforening.dk\/index.php?rest_route=%2Fwp%2Fv2%2Fmedia&parent=1064"}],"curies":[{"name":"wp","href":"https:\/\/api.w.org\/{rel}","templated":true}]}}