{"id":1066,"date":"2022-11-07T21:04:06","date_gmt":"2022-11-07T20:04:06","guid":{"rendered":"https:\/\/aarhusstrandjagtforening.dk\/?page_id=1066"},"modified":"2022-11-07T22:31:01","modified_gmt":"2022-11-07T21:31:01","slug":"aarhus-strandjaegernes-motorbaadsklub-vedtaegter","status":"publish","type":"page","link":"https:\/\/aarhusstrandjagtforening.dk\/?page_id=1066","title":{"rendered":"Aarhus Strandj\u00e6gernes Motorb\u00e5dsklub vedt\u00e6gter og reglement  &#8211; 2. februar 2022"},"content":{"rendered":"\n<p><strong>Navn og hjemsted<\/strong><br>Foreningens navn er <strong>Aarhus Strandj\u00e6gernes Motorb\u00e5dsklub<\/strong>, herefter forkortet <strong>ASMK<\/strong>. Foreningens hjemsted er Aarhus Kommune.<br><br><strong>Form\u00e5l og opgaver<\/strong><br>At samle strandj\u00e6gere\/havj\u00e6gere og redskabsfiskere i Aarhus for at fremme og bevare dette milj\u00f8 p\u00e5 Aarhus Lystb\u00e5dehavn. Samt varetage:&nbsp;<br>Administration af b\u00e5dpladser&nbsp;&nbsp;<br>Administration af vinter pladser<br>Foreningens interesser i forhold til Aarhus&nbsp;Kommune, Aarhus Lystb\u00e5dehavn samt \u00f8vrige relevante myndigheder og instanser.&nbsp;&nbsp;<\/p>\n\n\n\n<p><strong>Medlemmer, kontingent og h\u00e6ftelse.<\/strong><\/p>\n\n\n\n<ul class=\"wp-block-list\">\n<li>Foreningen kan optage enhver uberygtet person som medlem.<\/li>\n\n\n\n<li>Det p\u00e5hviler medlemmet at holde ASMKs bestyrelse opdateret med kontaktoplysninger, herunder adresse, mobilnummer, e-mail, etc.<\/li>\n\n\n\n<li>Kontingent for medlemskab g\u00e6lder fra 1. april til 31. marts, og fasts\u00e6ttes af generalforsamlingen efter indstilling til bestyrelsen.<\/li>\n\n\n\n<li>Stk. 1. 15 dage efter f\u00f8rste rykker for manglende betaling kan et medlem slettes fra venteliste.<\/li>\n\n\n\n<li>Kontingent samt eventuel b\u00e5dpladsleje indbetales senest d. 1. april til ASMK med angivelse af navn samt eventuel b\u00e5dplads nr.<\/li>\n\n\n\n<li>Medlemmerne h\u00e6fter ikke for foreningens forpligtelser.<\/li>\n\n\n\n<li>Skabene i klubben er forbeholdt b\u00e5dejere, som kan tildeles 2 n\u00f8gler pr. b\u00e5d mod kvittering. Ledige skabe bliver fordelt efter venteliste. Overskydende skabe kan udlejes til andre klubmedlemmer mod betaling som fasts\u00e6ttes af bestyrelsen.<\/li>\n\n\n\n<li>Opsigelse af en b\u00e5dplads skal ske skriftligt til formanden senest 2 mdr. f\u00f8r et nyt betalingss\u00e5r, som starter 1. april. Uden rettidig opsigelse h\u00e6fter lejeren for betalingen.<br><br><strong>Oph\u00f8r af medlemskab<\/strong><\/li>\n<\/ul>\n\n\n\n<ul class=\"wp-block-list\">\n<li>Udmeldelse af foreningen skal ske med skriftligt varsel mindst \u00e9n m\u00e5ned f\u00f8r udgangen af februar.<\/li>\n\n\n\n<li>Foreningen kan ekskludere et medlem, som er i restance med kontingent\/b\u00e5dpladsleje.<\/li>\n\n\n\n<li>Overtr\u00e6delse af vedt\u00e6gter\/anvisninger fra bestyrelsen kan medf\u00f8re sletning som medlem af klubben. Havnemyndighed kan fjerne b\u00e5den, ved overtr\u00e6delse af Ordensreglement for Aarhus Lystb\u00e5dehavn.<\/li>\n\n\n\n<li>Intet medlem kan slettes uden en eller flere mundtlige\/skriftlige advarsler med passende frist til at rette op p\u00e5 forholdet. Medlemmet har ogs\u00e5 mulighed for at f\u00e5 sin sag pr\u00f8vet ved f\u00f8rstkommende generalforsamling eller en ekstraordin\u00e6r generalforsamling.<\/li>\n\n\n\n<li>&nbsp;&nbsp;&nbsp;&nbsp;&nbsp;&nbsp;&nbsp; Stk. 1.&nbsp;&nbsp;&nbsp; Eksklusion kr\u00e6ver, at 2\/3 af de fremm\u00f8dte stemmer herfor.<\/li>\n\n\n\n<li>Medlemskabets oph\u00f8r medf\u00f8rer ikke krav p\u00e5 andel i foreningens formue.<br><br><strong>Fart\u00f8jsstation<\/strong><\/li>\n\n\n\n<li>Overordnet g\u00e6lder \u201dRegler p\u00e5 Aarhus Lystb\u00e5dehavn\u201d, som kan findes p\u00e5 Aarhus Lystb\u00e5dehavns hjemmeside pt. <a href=\"https:\/\/lystbaadehavn.aarhus.dk\/regler\/#1\">https:\/\/lystbaadehavn.aarhus.dk\/regler\/#1<\/a><\/li>\n\n\n\n<li>F\u00f8reren af ethvert fart\u00f8j i havnen samt havnens \u00f8vrige brugere har pligt til at g\u00f8re sig bekendt med indholdet af dette reglement.<\/li>\n\n\n\n<li>ASMK administrerer b\u00e5dpladser til b\u00e5de jagtb\u00e5de og til fiskerb\u00e5de.<br>For at opn\u00e5 eller bevare en b\u00e5dplads eller st\u00e5 p\u00e5 venteliste, skal man v\u00e6re medlem af ASMK.<\/li>\n\n\n\n<li>B\u00e5de p\u00e5 jagtbroen skal prim\u00e6rt v\u00e6re af havjagttypen.<\/li>\n\n\n\n<li>Stk.1.1. &nbsp; For pladser p\u00e5 jagtbroen vil medlemmer, der kan fremvise gyldigt jagttegn blive forfordelt til ledig b\u00e5dplads.<\/li>\n\n\n\n<li>Ved b\u00e5dpladser til fiskerb\u00e5de skal b\u00e5den prim\u00e6rt v\u00e6re beregnet til redskabsfiskeri.<\/li>\n\n\n\n<li>Stk.2.1&nbsp; Erhvervsfiskere og bierhvervsfiskere vil have fortrinsret til ledig plads for fiskerb\u00e5de.<\/li>\n\n\n\n<li>B\u00e5dpladser administreres til enhver tid af bestyrelsen<\/li>\n\n\n\n<li>&nbsp;&nbsp;&nbsp;&nbsp;&nbsp;&nbsp;&nbsp;&nbsp;&nbsp;&nbsp; Stk.1. Ledige pladser tildeles efter venteliste.<\/li>\n\n\n\n<li>&nbsp;&nbsp;&nbsp;&nbsp;&nbsp;&nbsp;&nbsp;&nbsp;&nbsp;&nbsp; Stk.2. B\u00e5dpladser kan ikke udl\u00e5nes\/fremlejes af b\u00e5dpladslejer.<\/li>\n\n\n\n<li>&nbsp;&nbsp;&nbsp;&nbsp;&nbsp;&nbsp;&nbsp;&nbsp;&nbsp;&nbsp; Stk.3. &nbsp;&nbsp; S\u00e5fremt en pladslejer midlertidigt ikke har behov for en tildelt plads, kan vedkommende, efter aftale med bestyrelsen, holde pladsen reserveret indtil \u00e9t \u00e5r.<\/li>\n\n\n\n<li>I reservationsperioden skal pladslejen fortsat betales af pladslejeren, men pladsen stilles til r\u00e5dighed for ASMK og indt\u00e6gt fra fremleje tilfalder ASMK.<\/li>\n\n\n\n<li>Alle b\u00e5dens ejere, hvis der er mere end \u00e9n, skal v\u00e6re registrerede som medlemmer i ASMK.<\/li>\n\n\n\n<li>\u00c6ndrede ejerforhold skal til enhver tid meddeles omg\u00e5ende og godkendes af bestyrelsen.<\/li>\n\n\n\n<li>B\u00e5dpladserne m\u00e5 ikke st\u00e5 tomme.<\/li>\n\n\n\n<li>Stk. 1. &nbsp;&nbsp;&nbsp; Dette kan fraviges hvis b\u00e5dpladslejer har en gyldig grund godkendt af bestyrelsen, f.eks. i tilf\u00e6lde af reparation eller lignende.<\/li>\n\n\n\n<li>Ved en pladslejers d\u00f8dsfald kan b\u00e5den inklusive retten til leje af b\u00e5dplads overdrages til arvingerne.<\/li>\n\n\n\n<li>Oprydning og renholdelse af havnes arealer p\u00e5hviler den enkelte b\u00e5dejer.<br> Stk. 1. Fiskeaffald og jagtudbytte skal, grundet \u00f8get risiko for skadedyr, fjernes fra &nbsp;&nbsp;&nbsp;&nbsp;&nbsp;&nbsp;&nbsp;&nbsp;&nbsp;&nbsp;&nbsp;&nbsp;&nbsp;&nbsp;&nbsp;&nbsp;&nbsp;&nbsp;&nbsp;&nbsp;&nbsp;&nbsp;&nbsp;&nbsp;&nbsp;&nbsp;&nbsp;&nbsp; omr\u00e5det.<\/li>\n\n\n\n<li>Ved salg af b\u00e5d, kan b\u00e5dpladsen ikke overdrages til k\u00f8ber og skal straks fjernes fra b\u00e5dpladsen. (Pladsen kan undtagelsesvis overdrages i henhold til \u00a7 20 og \u00a7 21)<\/li>\n\n\n\n<li>S\u00e5fremt en b\u00e5d fra dens placering i havnen har v\u00e6ret registreret med to eller flere &nbsp;&nbsp;&nbsp;&nbsp;&nbsp;&nbsp;&nbsp;&nbsp;&nbsp;&nbsp;&nbsp;&nbsp;&nbsp;&nbsp;&nbsp;&nbsp;&nbsp;&nbsp;&nbsp;&nbsp;&nbsp;&nbsp;&nbsp;&nbsp;&nbsp; ejere kan pladsen umiddelbart beholdes af en af ejerne.<\/li>\n\n\n\n<li>En plads kan overdrages til en medejer af b\u00e5den, hvis vedkommende har v\u00e6ret registreret som medejer i mindst 3 \u00e5r, dette dog med bestyrelsens accept.<\/li>\n\n\n\n<li>B\u00e5de skal v\u00e6re i sejlklar og sikkerhedsm\u00e6ssig forsvarlig tilstand samt v\u00e6re rengjorte efter endt fiske- eller jagttur, og skal desuden fremst\u00e5 i p\u00e6n og ordentlig stand jf. Aarhus Lystb\u00e5dehavns ordensreglement.<\/li>\n\n\n\n<li>Det er b\u00e5dejers pligt at b\u00e5den fort\u00f8jes og fenderes forsvarligt af, s\u00e5ledes andre b\u00e5de ikke &nbsp;&nbsp;&nbsp;&nbsp;&nbsp;&nbsp;&nbsp;&nbsp;&nbsp;&nbsp;&nbsp;&nbsp;&nbsp;&nbsp;&nbsp; beskadiges.<\/li>\n\n\n\n<li>B\u00e5de i havnen skal, som minimum v\u00e6re ansvarsforsikrede i overensstemmelse med Aarhus Lystb\u00e5dehavns reglement.<br><br><strong>Generalforsamlingen<\/strong><\/li>\n\n\n\n<li>Generalforsamlingen har den h\u00f8jeste myndighed i alle foreningens anliggender.<\/li>\n\n\n\n<li>Den ordin\u00e6re generalforsamling afholdes hvert \u00e5r i 2. m\u00e5ned. Forslag, der \u00f8nskes optaget p\u00e5 dagsordenen, skal v\u00e6re foreningen i h\u00e6nde senest 8 dage f\u00f8r generalforsamlingens afholdelse.<\/li>\n\n\n\n<li>Indkaldelse af den ordin\u00e6re generalforsamling med angivelse af dagsordenen skal ske ved,<\/li>\n\n\n\n<li>opslag i klubben, &#8211; mail, &#8211; eller pr. brev. Indkaldelse sker med mindst to ugers varsel.<\/li>\n\n\n\n<li>Dagsordenen skal omfatte f\u00f8lgende punkter:<\/li>\n\n\n\n<li>1. Valg af dirigent<\/li>\n\n\n\n<li>2. Valg af stemmet\u00e6llere<\/li>\n\n\n\n<li>3. Formandens beretning<\/li>\n\n\n\n<li>4. Freml\u00e6ggelse af det reviderede regnskab til godkendelse<\/li>\n\n\n\n<li>5. Behandling af indkomne forslag<\/li>\n\n\n\n<li>6. Fasts\u00e6ttelse af kontingent og evt. prisniveau for b\u00e5dpladser for kommende s\u00e6son<\/li>\n\n\n\n<li>7. Valg af formand og \/ eller kasserer<\/li>\n\n\n\n<li>8. Valg af bestyrelsesmedlem<\/li>\n\n\n\n<li>9. Valg af suppleant til bestyrelsen<\/li>\n\n\n\n<li>10. Valg af revisor og revisorsuppleant<\/li>\n\n\n\n<li>11. Eventuelt<br><br><strong>Ekstraordin\u00e6r generalforsamling<\/strong><\/li>\n\n\n\n<li>Ekstraordin\u00e6r generalforsamling indkaldes af bestyrelsen, n\u00e5r denne finder det p\u00e5kr\u00e6vet, eller n\u00e5r mindst 2\/3 af medlemmerne skriftligt overfor bestyrelsen beg\u00e6rer dette med angivelse af, hvilke sager der \u00f8nskes behandlet.&nbsp;&nbsp;&nbsp;&nbsp;&nbsp;&nbsp;&nbsp;&nbsp;&nbsp;&nbsp;&nbsp;&nbsp;&nbsp;&nbsp;&nbsp;&nbsp;&nbsp;&nbsp;&nbsp;&nbsp;&nbsp;&nbsp;&nbsp;&nbsp;&nbsp;&nbsp;&nbsp;&nbsp;&nbsp;&nbsp;&nbsp;&nbsp;&nbsp;&nbsp;&nbsp;&nbsp;&nbsp;&nbsp;&nbsp;&nbsp;&nbsp;&nbsp;&nbsp;&nbsp;&nbsp;&nbsp;&nbsp;&nbsp;&nbsp;&nbsp;&nbsp;&nbsp;&nbsp;&nbsp;&nbsp;&nbsp;&nbsp;&nbsp;&nbsp;&nbsp;&nbsp;&nbsp;&nbsp;&nbsp;&nbsp;&nbsp;&nbsp;&nbsp;&nbsp;&nbsp;&nbsp;&nbsp;&nbsp;&nbsp;&nbsp;&nbsp;&nbsp;&nbsp;&nbsp;&nbsp;&nbsp;&nbsp;&nbsp;&nbsp;&nbsp;&nbsp;&nbsp;&nbsp;&nbsp;&nbsp;&nbsp;&nbsp;&nbsp;&nbsp;&nbsp;&nbsp;&nbsp;&nbsp;&nbsp;&nbsp;&nbsp;&nbsp;&nbsp;&nbsp;&nbsp;&nbsp;&nbsp;&nbsp;&nbsp;&nbsp;&nbsp;&nbsp;&nbsp;&nbsp;&nbsp;&nbsp;&nbsp;&nbsp;&nbsp;&nbsp;&nbsp;&nbsp;&nbsp;&nbsp;&nbsp;&nbsp;&nbsp;&nbsp;&nbsp;&nbsp;Efter at skriftlig beg\u00e6ring er fremsat overfor bestyrelsen, skal bestyrelsen lade afholde ekstraordin\u00e6r generalforsamling senest 3 uger herefter. Indkaldelse til ekstraordin\u00e6r generalforsamling med angivelse af dagsorden skal ske skriftligt ved mail eller brev, til medlemmerne med mindst 1 uges varsel.<br><br><strong>Afstemninger<\/strong><\/li>\n\n\n\n<li>Generalforsamlingen er beslutningsdygtig uanset antallet af fremm\u00f8dte medlemmer.<\/li>\n\n\n\n<li>Hver b\u00e5dejer har \u00e9n stemme, dog h\u00f8jst tre stemmer pr. b\u00e5d i tilf\u00e6lde af flere medejere.<\/li>\n\n\n\n<li>Afstemninger sker skriftligt, hvis dirigenten bestemmer dette, eller hvis mindst 1\/3<\/li>\n\n\n\n<li>medlemmer beg\u00e6rer skriftlig afstemning.<\/li>\n\n\n\n<li>Der kan ikke stemmes ved fuldmagt.<\/li>\n\n\n\n<li>Beslutninger vedtages ved simpel absolut stemmeflerhed, medmindre andet fremg\u00e5r af<br>disse vedt\u00e6gter.<br><br><strong>Bestyrelsen<\/strong><\/li>\n\n\n\n<li>Bestyrelsen, der v\u00e6lges af og blandt medlemmerne, har den overordnede ledelse af<\/li>\n\n\n\n<li>foreningen.<\/li>\n\n\n\n<li>Bestyrelsen best\u00e5r af 3 medlemmer.<\/li>\n\n\n\n<li>Valgperioden er 2 \u00e5r. Genvalg kan finde sted.<\/li>\n\n\n\n<li>Formand og kasserer v\u00e6lges af generalforsamlingen.<\/li>\n\n\n\n<li>Bestyrelsen afholder m\u00f8de efter behov.<\/li>\n\n\n\n<li>Bestyrelsen er beslutningsdygtig, n\u00e5r mindst halvdelen af medlemmerne er til stede.<\/li>\n\n\n\n<li>Hvert medlem af bestyrelsen har \u00e9n stemme.<\/li>\n\n\n\n<li>Beslutninger vedtages ved simpelt absolut stemmeflertal.<\/li>\n\n\n\n<li><strong>Tegningsret<\/strong><\/li>\n\n\n\n<li>Foreningen tegnes af bestyrelsen i forening eller af formanden, i forening med et andet<\/li>\n\n\n\n<li>bestyrelsesmedlem.<\/li>\n\n\n\n<li>Meddelelse af fuldmagt til foreningens l\u00f8bende dispositioner kan gives til kassereren.<\/li>\n\n\n\n<li><strong>Formue og regnskabs\u00e5r<\/strong><\/li>\n\n\n\n<li>Foreningens formue skal anbringes i anerkendte pengeinstitutter.<\/li>\n\n\n\n<li>Regnskabs\u00e5ret er kalender\u00e5ret.<br><br><strong>Revision<\/strong><\/li>\n\n\n\n<li>Revisoren, der v\u00e6lges af og blandt medlemmerne, jf. punkt 6, reviderer regnskabet og<\/li>\n\n\n\n<li>p\u00e5tegner dette.<\/li>\n\n\n\n<li>Revisoren kan foretage uanmeldt kasseeftersyn.<\/li>\n\n\n\n<li>Medlemmer af bestyrelsen kan ikke v\u00e6lges til revisor.<br><br><strong>Sammenslutning<\/strong><\/li>\n\n\n\n<li>Generalforsamlingen kan med mindst 2\/3 af samtlige tilstedev\u00e6rende medlemmers stemmer vedtage, at foreningen sammenl\u00e6gges med andre foreninger.<br><br><strong>Vedt\u00e6gts\u00e6ndringer<\/strong><\/li>\n\n\n\n<li>G\u00e6ldende vedt\u00e6gter kan kun \u00e6ndres med 2\/3 flertal p\u00e5 en generalforsamling, hvor \u00e6ndringsforslaget fremg\u00e5r af dagsordenen.<\/li>\n\n\n\n<li>Vedt\u00e6gts\u00e6ndringer tr\u00e6der i kraft med virkning fra den generalforsamling, de vedtages p\u00e5.<\/li>\n\n\n\n<li>Vedt\u00e6gts\u00e6ndringer skal indsendes til Sport &amp; Fritid i Aarhus Kommune for at sikre, at de til stadighed opfylder krav i henhold til foreningens driftsaftale.<br><br><strong>Opl\u00f8sning<\/strong><\/li>\n\n\n\n<li>Generalforsamlingen kan med mindst 3\/4 af samtlige tilstedev\u00e6rende medlemmers<\/li>\n\n\n\n<li>stemmer p\u00e5 to p\u00e5 hinanden f\u00f8lgende generalforsamlinger, der afholdes med mindst \u00e9n og h\u00f8jst to m\u00e5neders mellemrum, vedtage, at foreningen opl\u00f8ses.<\/li>\n\n\n\n<li>Ved oph\u00f8r skal evt. overskud anvendes til almennyttige form\u00e5l inden for folkeoplysningslovens omr\u00e5de.<br><br><strong>Ikrafttr\u00e6den<\/strong><\/li>\n\n\n\n<li>Disse vedt\u00e6gter, der er vedtaget p\u00e5 generalforsamlingen den 2. februar 2022, tr\u00e6der i kraft, n\u00e5r de er godkendt af Generalforsamlingens dirigent, ASMK formand samt <strong>Sport &amp; Fritid.<\/strong>&nbsp;&nbsp;&nbsp;&nbsp;<\/li>\n<\/ul>\n\n\n\n<p><a href=\"https:\/\/aarhusstrandjagtforening.dk\/?page_id=7\">Tilbage til forside<\/a><\/p>\n","protected":false},"excerpt":{"rendered":"<p>Navn og hjemstedForeningens navn er Aarhus Strandj\u00e6gernes Motorb\u00e5dsklub, herefter forkortet ASMK. Foreningens hjemsted er Aarhus Kommune. Form\u00e5l og opgaverAt samle strandj\u00e6gere\/havj\u00e6gere og redskabsfiskere i Aarhus for at fremme og bevare dette milj\u00f8 p\u00e5 Aarhus Lystb\u00e5dehavn. Samt varetage:&nbsp;Administration af b\u00e5dpladser&nbsp;&nbsp;Administration af &hellip; <a href=\"https:\/\/aarhusstrandjagtforening.dk\/?page_id=1066\">L\u00e6s resten <span class=\"meta-nav\">&rarr;<\/span><\/a><\/p>\n","protected":false},"author":10,"featured_media":0,"parent":7,"menu_order":1,"comment_status":"closed","ping_status":"closed","template":"","meta":{"footnotes":""},"class_list":["post-1066","page","type-page","status-publish","hentry"],"_links":{"self":[{"href":"https:\/\/aarhusstrandjagtforening.dk\/index.php?rest_route=\/wp\/v2\/pages\/1066","targetHints":{"allow":["GET"]}}],"collection":[{"href":"https:\/\/aarhusstrandjagtforening.dk\/index.php?rest_route=\/wp\/v2\/pages"}],"about":[{"href":"https:\/\/aarhusstrandjagtforening.dk\/index.php?rest_route=\/wp\/v2\/types\/page"}],"author":[{"embeddable":true,"href":"https:\/\/aarhusstrandjagtforening.dk\/index.php?rest_route=\/wp\/v2\/users\/10"}],"replies":[{"embeddable":true,"href":"https:\/\/aarhusstrandjagtforening.dk\/index.php?rest_route=%2Fwp%2Fv2%2Fcomments&post=1066"}],"version-history":[{"count":7,"href":"https:\/\/aarhusstrandjagtforening.dk\/index.php?rest_route=\/wp\/v2\/pages\/1066\/revisions"}],"predecessor-version":[{"id":1121,"href":"https:\/\/aarhusstrandjagtforening.dk\/index.php?rest_route=\/wp\/v2\/pages\/1066\/revisions\/1121"}],"up":[{"embeddable":true,"href":"https:\/\/aarhusstrandjagtforening.dk\/index.php?rest_route=\/wp\/v2\/pages\/7"}],"wp:attachment":[{"href":"https:\/\/aarhusstrandjagtforening.dk\/index.php?rest_route=%2Fwp%2Fv2%2Fmedia&parent=1066"}],"curies":[{"name":"wp","href":"https:\/\/api.w.org\/{rel}","templated":true}]}}