{"id":1068,"date":"2022-11-07T21:08:01","date_gmt":"2022-11-07T20:08:01","guid":{"rendered":"https:\/\/aarhusstrandjagtforening.dk\/?page_id=1068"},"modified":"2022-11-07T22:08:22","modified_gmt":"2022-11-07T21:08:22","slug":"aarlige-arrangementer-asmk","status":"publish","type":"page","link":"https:\/\/aarhusstrandjagtforening.dk\/?page_id=1068","title":{"rendered":"\u00c5rlige arrangementer ASMK"},"content":{"rendered":"\n<p><strong>Oversigt over faste \u00e5rlige klubaktiviteter i ASMK<\/strong><\/p>\n\n\n\n<p><strong>Standerhejsning<\/strong><br>F\u00f8rste l\u00f8rdag i Maj kl. 9.00 p\u00e5 jagtbroen. <br>Derefter hyggeligt samv\u00e6r i klublokalet<\/p>\n\n\n\n<p><strong>Standerstrygning<\/strong><br>Sidste l\u00f8rdag i september kl. 9.00 p\u00e5 jagtbroen. <br>Derefter hyggeligt samv\u00e6r i klublokalet<\/p>\n\n\n\n<p><a href=\"https:\/\/aarhusstrandjagtforening.dk\/?page_id=7\">Tilbage til forside<\/a><\/p>\n","protected":false},"excerpt":{"rendered":"<p>Oversigt over faste \u00e5rlige klubaktiviteter i ASMK StanderhejsningF\u00f8rste l\u00f8rdag i Maj kl. 9.00 p\u00e5 jagtbroen. Derefter hyggeligt samv\u00e6r i klublokalet StanderstrygningSidste l\u00f8rdag i september kl. 9.00 p\u00e5 jagtbroen. Derefter hyggeligt samv\u00e6r i klublokalet Tilbage til forside<\/p>\n","protected":false},"author":10,"featured_media":0,"parent":7,"menu_order":0,"comment_status":"closed","ping_status":"closed","template":"","meta":{"footnotes":""},"class_list":["post-1068","page","type-page","status-publish","hentry"],"_links":{"self":[{"href":"https:\/\/aarhusstrandjagtforening.dk\/index.php?rest_route=\/wp\/v2\/pages\/1068","targetHints":{"allow":["GET"]}}],"collection":[{"href":"https:\/\/aarhusstrandjagtforening.dk\/index.php?rest_route=\/wp\/v2\/pages"}],"about":[{"href":"https:\/\/aarhusstrandjagtforening.dk\/index.php?rest_route=\/wp\/v2\/types\/page"}],"author":[{"embeddable":true,"href":"https:\/\/aarhusstrandjagtforening.dk\/index.php?rest_route=\/wp\/v2\/users\/10"}],"replies":[{"embeddable":true,"href":"https:\/\/aarhusstrandjagtforening.dk\/index.php?rest_route=%2Fwp%2Fv2%2Fcomments&post=1068"}],"version-history":[{"count":4,"href":"https:\/\/aarhusstrandjagtforening.dk\/index.php?rest_route=\/wp\/v2\/pages\/1068\/revisions"}],"predecessor-version":[{"id":1112,"href":"https:\/\/aarhusstrandjagtforening.dk\/index.php?rest_route=\/wp\/v2\/pages\/1068\/revisions\/1112"}],"up":[{"embeddable":true,"href":"https:\/\/aarhusstrandjagtforening.dk\/index.php?rest_route=\/wp\/v2\/pages\/7"}],"wp:attachment":[{"href":"https:\/\/aarhusstrandjagtforening.dk\/index.php?rest_route=%2Fwp%2Fv2%2Fmedia&parent=1068"}],"curies":[{"name":"wp","href":"https:\/\/api.w.org\/{rel}","templated":true}]}}