{"id":11,"date":"2012-03-17T20:46:23","date_gmt":"2012-03-17T19:46:23","guid":{"rendered":"https:\/\/aarhusstrandjagtforening.dk\/wordpress\/?page_id=11"},"modified":"2026-03-04T12:47:57","modified_gmt":"2026-03-04T11:47:57","slug":"arhus-strandjagtforening","status":"publish","type":"page","link":"https:\/\/aarhusstrandjagtforening.dk\/?page_id=11","title":{"rendered":"Aarhus Strandjagtforening &#8211; en forening under Danmarks J\u00e6gerforbund"},"content":{"rendered":"\n<p>Vi er en jagtforening, som h\u00f8rer under Danmarks J\u00e6gerforbund. Der findes ca. 850 jagtforeninger under Danmarks J\u00e6gerforbundet og vi er \u00e9n af dem. Foreningen blev stiftet i 1947.<\/p>\n\n\n\n<p>Ud over alle de fordele, som der er ved at v\u00e6re medlem af Danmarks J\u00e6gerforbund, s\u00e5 tilbyder Aarhus Strandjagtforening:F\u00e6lles havjagture, foreningsb\u00e5d som vores medlemmer kan benytte(Mopa Patrol Explorer), \u00c5ben b\u00e5d, fisketure, arbejdsdage og meget andet.<\/p>\n\n\n\n<p>Vi er ca. 60 medlemmer og medlemstallet er st\u00f8t stigende, hvilket is\u00e6r skyldes vi har f\u00e5et gang i flere aktiviteter, som \u00e5ben b\u00e5d, havjagtture hver vinter og ikke mindst har f\u00e5et vores egen lille motorb\u00e5d, en Mopa Patrol Explorer fra 2014.<\/p>\n\n\n\n<p>F\u00f8lg med p\u00e5 siderne i menuen for datoer for de forskellige arrangementer.<\/p>\n\n\n\n<p><strong>Klublokalet p\u00e5 Fiskerivej 8<\/strong><\/p>\n\n\n\n<p>Sport og Fritid i Aarhus Kommune har pr. 1.juni 2019 indg\u00e5et en s\u00e5kaldt brugsaftale med Aarhus Strandjagtforening og Aarhus Strandj\u00e6gernes Motorb\u00e5dsklub vedr. brug af klublokalet p\u00e5 Fiskerivej 8.<\/p>\n\n\n\n<p>Brugsaftalen betyder at de to foreninger administrerer lokalet i f\u00e6llesskab og deler det p\u00e5 lige vilk\u00e5r.<\/p>\n\n\n\n<p>\u00d8nsker du og din forening at booke lokalet s\u00e5 brug&nbsp;online booking forneden (kr\u00e6ver ikke login):<br>Alternativt kontakt Anders Jakobsen p\u00e5 tlf 51 80 86 92 eller email: formand@aarhusstrandjagtforening.dk<\/p>\n\n\n\n<h1 class=\"wp-block-heading\"><strong>Booking og reservation:&nbsp;<\/strong><\/h1>\n\n\n\n<p><a href=\"https:\/\/www.supersaas.dk\/schedule\/asf\/Klublokalet_fiskerivej\">Klik her for booking af klublokalet<\/a><\/p>\n\n\n\n<p><a href=\"https:\/\/www.supersaas.dk\/schedule\/asf\/Booking_af_jagtb%C3%A5d\">Klik her for at reservere vores Mopa Patrol Explorer til jagt og fiskeri<\/a><\/p>\n\n\n\n<p>F\u00f8lg linket og lav et login med eget brugernavn og den adgangskode, som du i forvejen har f\u00e5et af kasseren.<\/p>\n\n\n\n<p>For at kunne booke jagtb\u00e5d i kalenderen, skal du f\u00f8rst have et brugerkursus, hvor du ogs\u00e5 betaler forud.<\/p>\n\n\n\n<p><a href=\"https:\/\/www.supersaas.dk\/schedule\/asf\/Brugerkursus_jagtb%C3%A5d\">Klik her for at reservere en plads p\u00e5 brugerkursus til vores Mopa<\/a><\/p>\n\n\n\n<p>F\u00f8lg link og lav et login med eget brugernavn og adgangskode, som du i forvejen har f\u00e5et af kasseren.<\/p>\n\n\n\n<p>Tilmeld dig vores nyhedsbrev herunder og f\u00e5 nyheder om aktiviteter i foreningen:<\/p>\n\n\n<div class=\"wpforms-container wpforms-container-full wpforms-block wpforms-block-b7c8643b-b215-4f15-8370-5a0c9a8a41b3\" id=\"wpforms-986\"><form id=\"wpforms-form-986\" class=\"wpforms-validate wpforms-form wpforms-ajax-form\" data-formid=\"986\" method=\"post\" enctype=\"multipart\/form-data\" action=\"\/index.php?rest_route=%2Fwp%2Fv2%2Fpages%2F11\" data-token=\"4a14fa94d4b80d73da848c99b3b0b716\" data-token-time=\"1777505146\"><noscript class=\"wpforms-error-noscript\">Please enable JavaScript in your browser to complete this form.<\/noscript><div class=\"wpforms-field-container\"><div id=\"wpforms-986-field_1-container\" class=\"wpforms-field wpforms-field-name\" data-field-id=\"1\"><label class=\"wpforms-field-label\">Navn <span class=\"wpforms-required-label\">*<\/span><\/label><div class=\"wpforms-field-row wpforms-field-medium\"><div class=\"wpforms-field-row-block wpforms-first wpforms-one-half\"><input type=\"text\" id=\"wpforms-986-field_1\" class=\"wpforms-field-name-first wpforms-field-required\" name=\"wpforms[fields][1][first]\" required><label for=\"wpforms-986-field_1\" class=\"wpforms-field-sublabel after\">First<\/label><\/div><div class=\"wpforms-field-row-block wpforms-one-half\"><input type=\"text\" id=\"wpforms-986-field_1-last\" class=\"wpforms-field-name-last wpforms-field-required\" name=\"wpforms[fields][1][last]\" required><label for=\"wpforms-986-field_1-last\" class=\"wpforms-field-sublabel after\">Last<\/label><\/div><\/div><div class=\"wpforms-field-description\">F\u00f8lg med i foreningens aktiviteter<\/div><\/div><div id=\"wpforms-986-field_2-container\" class=\"wpforms-field wpforms-field-email\" data-field-id=\"2\"><label class=\"wpforms-field-label\" for=\"wpforms-986-field_2\">Email <span class=\"wpforms-required-label\">*<\/span><\/label><input type=\"email\" id=\"wpforms-986-field_2\" class=\"wpforms-field-medium wpforms-field-required\" name=\"wpforms[fields][2]\" spellcheck=\"false\" required><\/div><\/div><!-- .wpforms-field-container --><div class=\"wpforms-submit-container\" ><input type=\"hidden\" name=\"wpforms[id]\" value=\"986\"><input type=\"hidden\" name=\"page_title\" value=\"\"><input type=\"hidden\" name=\"page_url\" value=\"https:\/\/aarhusstrandjagtforening.dk\/index.php?rest_route=\/wp\/v2\/pages\/11\"><input type=\"hidden\" name=\"url_referer\" value=\"\"><button type=\"submit\" name=\"wpforms[submit]\" id=\"wpforms-submit-986\" class=\"wpforms-submit\" data-alt-text=\"Sending...\" data-submit-text=\"Submit\" aria-live=\"assertive\" value=\"wpforms-submit\">Submit<\/button><img loading=\"lazy\" decoding=\"async\" src=\"https:\/\/aarhusstrandjagtforening.dk\/wp-content\/plugins\/wpforms-lite\/assets\/images\/submit-spin.svg\" class=\"wpforms-submit-spinner\" style=\"display: none;\" width=\"26\" height=\"26\" alt=\"Loading\"><\/div><\/form><\/div>  <!-- .wpforms-container -->","protected":false},"excerpt":{"rendered":"<p>Vi er en jagtforening, som h\u00f8rer under Danmarks J\u00e6gerforbund. Der findes ca. 850 jagtforeninger under Danmarks J\u00e6gerforbundet og vi er \u00e9n af dem. Foreningen blev stiftet i 1947. Ud over alle de fordele, som der er ved at v\u00e6re medlem &hellip; <a href=\"https:\/\/aarhusstrandjagtforening.dk\/?page_id=11\">L\u00e6s resten <span class=\"meta-nav\">&rarr;<\/span><\/a><\/p>\n","protected":false},"author":14,"featured_media":0,"parent":0,"menu_order":0,"comment_status":"closed","ping_status":"closed","template":"","meta":{"footnotes":""},"class_list":["post-11","page","type-page","status-publish","hentry"],"_links":{"self":[{"href":"https:\/\/aarhusstrandjagtforening.dk\/index.php?rest_route=\/wp\/v2\/pages\/11","targetHints":{"allow":["GET"]}}],"collection":[{"href":"https:\/\/aarhusstrandjagtforening.dk\/index.php?rest_route=\/wp\/v2\/pages"}],"about":[{"href":"https:\/\/aarhusstrandjagtforening.dk\/index.php?rest_route=\/wp\/v2\/types\/page"}],"author":[{"embeddable":true,"href":"https:\/\/aarhusstrandjagtforening.dk\/index.php?rest_route=\/wp\/v2\/users\/14"}],"replies":[{"embeddable":true,"href":"https:\/\/aarhusstrandjagtforening.dk\/index.php?rest_route=%2Fwp%2Fv2%2Fcomments&post=11"}],"version-history":[{"count":51,"href":"https:\/\/aarhusstrandjagtforening.dk\/index.php?rest_route=\/wp\/v2\/pages\/11\/revisions"}],"predecessor-version":[{"id":1366,"href":"https:\/\/aarhusstrandjagtforening.dk\/index.php?rest_route=\/wp\/v2\/pages\/11\/revisions\/1366"}],"wp:attachment":[{"href":"https:\/\/aarhusstrandjagtforening.dk\/index.php?rest_route=%2Fwp%2Fv2%2Fmedia&parent=11"}],"curies":[{"name":"wp","href":"https:\/\/api.w.org\/{rel}","templated":true}]}}