{"id":1173,"date":"2023-01-10T20:37:18","date_gmt":"2023-01-10T19:37:18","guid":{"rendered":"https:\/\/aarhusstrandjagtforening.dk\/?page_id=1173"},"modified":"2025-10-29T17:43:45","modified_gmt":"2025-10-29T16:43:45","slug":"havjagtture-for-nyjaegere","status":"publish","type":"page","link":"https:\/\/aarhusstrandjagtforening.dk\/?page_id=1173","title":{"rendered":"Havjagtture for foreningens medlemmer"},"content":{"rendered":"\n<p>Hvert \u00e5r fra primo oktober til ultimo januar afholder vi en 3-4 ture p\u00e5 havet for foreningens medlemmer.<\/p>\n\n\n\n<p>Hold \u00f8je med dato her p\u00e5 siden og forsiden.<\/p>\n\n\n\n<p>Det er skippere med egen b\u00e5d fra vores forening der stiller b\u00e5d og tid til r\u00e5dighed.<\/p>\n\n\n\n<p>Husk: <\/p>\n\n\n\n<ul class=\"wp-block-list\">\n<li>Varmt t\u00f8j- gerne flere lag og gerne flydedragt\/t\u00f8rdragt\/termodragt\/hvid anorak eller jakke.<\/li>\n\n\n\n<li>madpakke, vand og te\/kaffe, snacks.<\/li>\n\n\n\n<li>hue og handsker &#8211; gerne hvide\/m\u00f8rke, helst ingen farver generelt.<\/li>\n\n\n\n<li>Jagttegn, b\u00f8sse der kan t\u00e5le vand, rigeligt patroner i str. 1-4.<\/li>\n<\/ul>\n\n\n\n<p><\/p>\n","protected":false},"excerpt":{"rendered":"<p>Hvert \u00e5r fra primo oktober til ultimo januar afholder vi en 3-4 ture p\u00e5 havet for foreningens medlemmer. Hold \u00f8je med dato her p\u00e5 siden og forsiden. Det er skippere med egen b\u00e5d fra vores forening der stiller b\u00e5d og &hellip; <a href=\"https:\/\/aarhusstrandjagtforening.dk\/?page_id=1173\">L\u00e6s resten <span class=\"meta-nav\">&rarr;<\/span><\/a><\/p>\n","protected":false},"author":10,"featured_media":0,"parent":11,"menu_order":0,"comment_status":"closed","ping_status":"closed","template":"","meta":{"footnotes":""},"class_list":["post-1173","page","type-page","status-publish","hentry"],"_links":{"self":[{"href":"https:\/\/aarhusstrandjagtforening.dk\/index.php?rest_route=\/wp\/v2\/pages\/1173","targetHints":{"allow":["GET"]}}],"collection":[{"href":"https:\/\/aarhusstrandjagtforening.dk\/index.php?rest_route=\/wp\/v2\/pages"}],"about":[{"href":"https:\/\/aarhusstrandjagtforening.dk\/index.php?rest_route=\/wp\/v2\/types\/page"}],"author":[{"embeddable":true,"href":"https:\/\/aarhusstrandjagtforening.dk\/index.php?rest_route=\/wp\/v2\/users\/10"}],"replies":[{"embeddable":true,"href":"https:\/\/aarhusstrandjagtforening.dk\/index.php?rest_route=%2Fwp%2Fv2%2Fcomments&post=1173"}],"version-history":[{"count":3,"href":"https:\/\/aarhusstrandjagtforening.dk\/index.php?rest_route=\/wp\/v2\/pages\/1173\/revisions"}],"predecessor-version":[{"id":1327,"href":"https:\/\/aarhusstrandjagtforening.dk\/index.php?rest_route=\/wp\/v2\/pages\/1173\/revisions\/1327"}],"up":[{"embeddable":true,"href":"https:\/\/aarhusstrandjagtforening.dk\/index.php?rest_route=\/wp\/v2\/pages\/11"}],"wp:attachment":[{"href":"https:\/\/aarhusstrandjagtforening.dk\/index.php?rest_route=%2Fwp%2Fv2%2Fmedia&parent=1173"}],"curies":[{"name":"wp","href":"https:\/\/api.w.org\/{rel}","templated":true}]}}