{"id":1372,"date":"2026-03-07T11:51:46","date_gmt":"2026-03-07T10:51:46","guid":{"rendered":"https:\/\/aarhusstrandjagtforening.dk\/?page_id=1372"},"modified":"2026-03-07T18:13:12","modified_gmt":"2026-03-07T17:13:12","slug":"organisationsdiagram","status":"publish","type":"page","link":"https:\/\/aarhusstrandjagtforening.dk\/?page_id=1372","title":{"rendered":"Hvorfor to foreninger ?"},"content":{"rendered":"\n<p>Aarhus Strandj\u00e6gernes Motorb\u00e5dsklub lejer b\u00e5dpladser af Aarhus Lystb\u00e5dehavn og administrer ventelister og b\u00e5dpladser.<\/p>\n\n\n\n<p>Aarhus Strandjagtforening er en forening under Danmarks J\u00e6gerforbund.<\/p>\n\n\n\n<p>Den stiplede linie mellem Sport og Fritid og Aarhus Strandjagtforening viser at der er et samarbejde mellem de to, da Aarhus Strandjagtforening har v\u00e6ret hjemmeh\u00f8rende p\u00e5 Aarhus Havn siden 1947.<\/p>\n\n\n\n<p>F\u00e6lles for begge foreninger er at de holder til p\u00e5 <a href=\"https:\/\/aarhusstrandjagtforening.dk\/?page_id=1377\" data-type=\"page\" data-id=\"1377\">Aarhus Lystb\u00e5dehavn<\/a> og begge foreninger har et t\u00e6t samarbejde med <a href=\"https:\/\/aarhus.dk\/demokrati\/politikker-og-planer\/kultur-idraet-og-fritid\/sports-og-fritidspolitik\" data-type=\"link\" data-id=\"https:\/\/aarhus.dk\/demokrati\/politikker-og-planer\/kultur-idraet-og-fritid\/sports-og-fritidspolitik\">Sport og Fridtid<\/a> i Aarhus Kommune. <\/p>\n\n\n\n<p>Aarhus Strandj\u00e6gernes Motorb\u00e5dsklub og Aarhus Strandjagtforening har et t\u00e6t samarbejde. Mange j\u00e6gere er medlemmer af begge foreninger, da de har en b\u00e5dplads i Aarhus Strandj\u00e6gernes Motorb\u00e5dsklub og derudover er de ogs\u00e5 medlem af Aarhus Strandjagtforening, som h\u00f8rer under Danmarks J\u00e6gerforbund<\/p>\n\n\n\n<p><\/p>\n\n\n\n<p><\/p>\n\n\n\n<figure class=\"wp-block-image size-full\"><a href=\"https:\/\/aarhusstrandjagtforening.dk\/wp-content\/uploads\/2026\/03\/image.png\"><img loading=\"lazy\" decoding=\"async\" width=\"603\" height=\"627\" src=\"https:\/\/aarhusstrandjagtforening.dk\/wp-content\/uploads\/2026\/03\/image.png\" alt=\"\" class=\"wp-image-1383\" srcset=\"https:\/\/aarhusstrandjagtforening.dk\/wp-content\/uploads\/2026\/03\/image.png 603w, https:\/\/aarhusstrandjagtforening.dk\/wp-content\/uploads\/2026\/03\/image-289x300.png 289w\" sizes=\"auto, (max-width: 603px) 100vw, 603px\" \/><\/a><\/figure>\n","protected":false},"excerpt":{"rendered":"<p>Aarhus Strandj\u00e6gernes Motorb\u00e5dsklub lejer b\u00e5dpladser af Aarhus Lystb\u00e5dehavn og administrer ventelister og b\u00e5dpladser. Aarhus Strandjagtforening er en forening under Danmarks J\u00e6gerforbund. Den stiplede linie mellem Sport og Fritid og Aarhus Strandjagtforening viser at der er et samarbejde mellem de to, &hellip; <a href=\"https:\/\/aarhusstrandjagtforening.dk\/?page_id=1372\">L\u00e6s resten <span class=\"meta-nav\">&rarr;<\/span><\/a><\/p>\n","protected":false},"author":8,"featured_media":0,"parent":0,"menu_order":0,"comment_status":"closed","ping_status":"closed","template":"","meta":{"footnotes":""},"class_list":["post-1372","page","type-page","status-publish","hentry"],"_links":{"self":[{"href":"https:\/\/aarhusstrandjagtforening.dk\/index.php?rest_route=\/wp\/v2\/pages\/1372","targetHints":{"allow":["GET"]}}],"collection":[{"href":"https:\/\/aarhusstrandjagtforening.dk\/index.php?rest_route=\/wp\/v2\/pages"}],"about":[{"href":"https:\/\/aarhusstrandjagtforening.dk\/index.php?rest_route=\/wp\/v2\/types\/page"}],"author":[{"embeddable":true,"href":"https:\/\/aarhusstrandjagtforening.dk\/index.php?rest_route=\/wp\/v2\/users\/8"}],"replies":[{"embeddable":true,"href":"https:\/\/aarhusstrandjagtforening.dk\/index.php?rest_route=%2Fwp%2Fv2%2Fcomments&post=1372"}],"version-history":[{"count":7,"href":"https:\/\/aarhusstrandjagtforening.dk\/index.php?rest_route=\/wp\/v2\/pages\/1372\/revisions"}],"predecessor-version":[{"id":1392,"href":"https:\/\/aarhusstrandjagtforening.dk\/index.php?rest_route=\/wp\/v2\/pages\/1372\/revisions\/1392"}],"wp:attachment":[{"href":"https:\/\/aarhusstrandjagtforening.dk\/index.php?rest_route=%2Fwp%2Fv2%2Fmedia&parent=1372"}],"curies":[{"name":"wp","href":"https:\/\/api.w.org\/{rel}","templated":true}]}}