{"id":7,"date":"2012-03-17T19:35:18","date_gmt":"2012-03-17T18:35:18","guid":{"rendered":"https:\/\/aarhusstrandjagtforening.dk\/wordpress\/?page_id=7"},"modified":"2026-03-04T12:14:12","modified_gmt":"2026-03-04T11:14:12","slug":"motorbadsklubben","status":"publish","type":"page","link":"https:\/\/aarhusstrandjagtforening.dk\/?page_id=7","title":{"rendered":"Aarhus Strandj\u00e6gernes Motorb\u00e5dsklub"},"content":{"rendered":"<p class=\"x_x_MsoNormal x_x_elementToProof\"><strong><span class=\"x_x_elementToProof\">Vi <\/span>er en selvst\u00e6ndig forening der varetager interesser for havj\u00e6gere og fiskere der fisker med redskaber.\u00a0<\/strong><br \/>Vi administrerer pt. 34 b\u00e5dpladser, hvoraf 19 er for havjagtb\u00e5de og 15 er for fiskerb\u00e5de.<br aria-hidden=\"true\" \/>Af fiskerb\u00e5dene er 6 registreret som erhvervs\/ bierhvervs fart\u00f8jer.<br aria-hidden=\"true\" \/>Har du interesse i, at leje en b\u00e5dplads til enten en jagtb\u00e5d eller en fiskerb\u00e5d, er der mulighed for at blive optaget p\u00e5 vores <strong><a href=\"https:\/\/aarhusstrandjagtforening.dk\/?page_id=1056\">Ventelister til b\u00e5dplads<\/a>.<\/strong> \u00a0<br \/>ASMK blev etableret i 2010, men har oprindeligt r\u00f8dder i Aarhus Strandjagtforening, der er en forening stiftet i 1947.<br \/>ASMK og Aarhus Strandjagtforening administrerer i f\u00e6llesskab et klublokale Fiskerivej 8, 1.sal th., som prim\u00e6rt er for klubbens medlemmer, men kan l\u00e5nes af andre klubber og medlemmer af ASMK\u00a0<\/p>\n<p class=\"x_x_MsoNormal x_x_elementToProof\">ASMK har et godt samarbejde med <a href=\"https:\/\/aarhusstrandjagtforening.dk\/\"><strong>Aarhus Strandjagtforening<\/strong><\/a><span style=\"font-size: revert;\">, og vi opfordrer alle der har interesse for havjagt, til at bes\u00f8ge deres hjemmeside, hvor du blandt andet kan se noget om;<strong> <a href=\"https:\/\/aarhusstrandjagtforening.dk\/?page_id=980\">Mopa 2 foreningsb\u00e5d<\/a>, <a href=\"https:\/\/aarhusstrandjagtforening.dk\/?p=1045\">Gratis havjagtture for nyj\u00e6gere<\/a>, <a href=\"https:\/\/aarhusstrandjagtforening.dk\/?p=974\">\u00c5ben b\u00e5d arrangement<\/a><\/strong>, og meget andet&#8230;.<\/span><\/p>\n<p><strong><a href=\"https:\/\/aarhusstrandjagtforening.dk\/?page_id=1066\">Aarhus Strandj\u00e6gernes Motorb\u00e5dsklub vedt\u00e6gter og reglement\u00a0<\/a><\/strong><\/p>\n<p><a href=\"https:\/\/aarhusstrandjagtforening.dk\/?page_id=1068\"><strong>\u00c5rlige arrangementer Aarhus Strandj\u00e6gernes Motorb\u00e5dsklub<\/strong><\/a><\/p>\n<h1><a href=\"https:\/\/aarhusstrandjagtforening.dk\/?page_id=1064\"><strong>Link til ASMK bestyrelse:<\/strong><\/a><\/h1>\n<p><b>\u00a0<\/b><\/p>\n<p>\u00a0<\/p>\n\n\n<p><\/p>\n","protected":false},"excerpt":{"rendered":"<p>Vi er en selvst\u00e6ndig forening der varetager interesser for havj\u00e6gere og fiskere der fisker med redskaber.\u00a0Vi administrerer pt. 34 b\u00e5dpladser, hvoraf 19 er for havjagtb\u00e5de og 15 er for fiskerb\u00e5de.Af fiskerb\u00e5dene er 6 registreret som erhvervs\/ bierhvervs fart\u00f8jer.Har du interesse &hellip; <a href=\"https:\/\/aarhusstrandjagtforening.dk\/?page_id=7\">L\u00e6s resten <span class=\"meta-nav\">&rarr;<\/span><\/a><\/p>\n","protected":false},"author":14,"featured_media":0,"parent":0,"menu_order":0,"comment_status":"closed","ping_status":"closed","template":"","meta":{"footnotes":""},"class_list":["post-7","page","type-page","status-publish","hentry"],"_links":{"self":[{"href":"https:\/\/aarhusstrandjagtforening.dk\/index.php?rest_route=\/wp\/v2\/pages\/7","targetHints":{"allow":["GET"]}}],"collection":[{"href":"https:\/\/aarhusstrandjagtforening.dk\/index.php?rest_route=\/wp\/v2\/pages"}],"about":[{"href":"https:\/\/aarhusstrandjagtforening.dk\/index.php?rest_route=\/wp\/v2\/types\/page"}],"author":[{"embeddable":true,"href":"https:\/\/aarhusstrandjagtforening.dk\/index.php?rest_route=\/wp\/v2\/users\/14"}],"replies":[{"embeddable":true,"href":"https:\/\/aarhusstrandjagtforening.dk\/index.php?rest_route=%2Fwp%2Fv2%2Fcomments&post=7"}],"version-history":[{"count":52,"href":"https:\/\/aarhusstrandjagtforening.dk\/index.php?rest_route=\/wp\/v2\/pages\/7\/revisions"}],"predecessor-version":[{"id":1358,"href":"https:\/\/aarhusstrandjagtforening.dk\/index.php?rest_route=\/wp\/v2\/pages\/7\/revisions\/1358"}],"wp:attachment":[{"href":"https:\/\/aarhusstrandjagtforening.dk\/index.php?rest_route=%2Fwp%2Fv2%2Fmedia&parent=7"}],"curies":[{"name":"wp","href":"https:\/\/api.w.org\/{rel}","templated":true}]}}