{"id":980,"date":"2022-08-05T09:04:24","date_gmt":"2022-08-05T08:04:24","guid":{"rendered":"https:\/\/aarhusstrandjagtforening.dk\/?page_id=980"},"modified":"2025-10-29T17:53:41","modified_gmt":"2025-10-29T16:53:41","slug":"mopa-2-foreningsbaad","status":"publish","type":"page","link":"https:\/\/aarhusstrandjagtforening.dk\/?page_id=980","title":{"rendered":"Mopa Patrol Explorer foreningsb\u00e5d"},"content":{"rendered":"\n<figure class=\"wp-block-image size-large is-resized\"><a href=\"https:\/\/aarhusstrandjagtforening.dk\/wp-content\/uploads\/2025\/09\/1.jpg\"><img loading=\"lazy\" decoding=\"async\" width=\"768\" height=\"1024\" src=\"https:\/\/aarhusstrandjagtforening.dk\/wp-content\/uploads\/2025\/09\/1-768x1024.jpg\" alt=\"\" class=\"wp-image-1312\" style=\"width:555px;height:auto\" srcset=\"https:\/\/aarhusstrandjagtforening.dk\/wp-content\/uploads\/2025\/09\/1-768x1024.jpg 768w, https:\/\/aarhusstrandjagtforening.dk\/wp-content\/uploads\/2025\/09\/1-225x300.jpg 225w, https:\/\/aarhusstrandjagtforening.dk\/wp-content\/uploads\/2025\/09\/1-1152x1536.jpg 1152w, https:\/\/aarhusstrandjagtforening.dk\/wp-content\/uploads\/2025\/09\/1.jpg 1536w\" sizes=\"auto, (max-width: 768px) 100vw, 768px\" \/><\/a><\/figure>\n\n\n\n<p>Vi har i foreningen k\u00f8bt en Mopa Patrol Explorer. Med st\u00f8tte fra Danmarks J\u00e6gerforbund samt fra Sparekassen Danmark Hobrofonden har det v\u00e6ret muligt at indk\u00f8be en nyere,velholdt og sikker b\u00e5d. B\u00e5den er anskaffet i efter\u00e5ret 2025.<\/p>\n\n\n\n<p>Den kan bruges b\u00e5de til jagt og fiskeri og den har ogs\u00e5 fishfinder.<\/p>\n\n\n\n<p>Hvis du er medlem i foreningen kan du skrive til kasseren du gerne vil have et b\u00e5dmedlemsskab ogs\u00e5, derefter betaler du og f\u00e5r en dato til brugerkursus.<\/p>\n\n\n\n<p>Det koster 600 kr om \u00e5ret i b\u00e5dmedlemskab.<\/p>\n\n\n\n<p>Betaling for b\u00e5dmedlemskab sker ved at kontakte vores kasserer Felix Vestergaard p\u00e5 email: felix.vestergaard@gmail.com<\/p>\n\n\n\n<figure class=\"wp-block-image size-large\"><a href=\"https:\/\/aarhusstrandjagtforening.dk\/wp-content\/uploads\/2025\/09\/2.jpg\"><img loading=\"lazy\" decoding=\"async\" width=\"768\" height=\"1024\" src=\"https:\/\/aarhusstrandjagtforening.dk\/wp-content\/uploads\/2025\/09\/2-768x1024.jpg\" alt=\"\" class=\"wp-image-1313\" srcset=\"https:\/\/aarhusstrandjagtforening.dk\/wp-content\/uploads\/2025\/09\/2-768x1024.jpg 768w, https:\/\/aarhusstrandjagtforening.dk\/wp-content\/uploads\/2025\/09\/2-225x300.jpg 225w, https:\/\/aarhusstrandjagtforening.dk\/wp-content\/uploads\/2025\/09\/2-1152x1536.jpg 1152w, https:\/\/aarhusstrandjagtforening.dk\/wp-content\/uploads\/2025\/09\/2.jpg 1536w\" sizes=\"auto, (max-width: 768px) 100vw, 768px\" \/><\/a><\/figure>\n\n\n\n<p><a href=\"https:\/\/www.supersaas.dk\/schedule\/asf\/Booking_af_jagtb%C3%A5d\" target=\"_blank\" rel=\"noreferrer noopener\">Klik her for at reservere vores Mopa Patrol Explorer til jagt og fiskeri<\/a><\/p>\n\n\n\n<h2 class=\"wp-block-heading\">Brug af b\u00e5den:<\/h2>\n\n\n\n<p>Husk at fylde det benzin p\u00e5 du har brugt, s\u00e5 der er 30 liter i alt. Vi pr\u00f8ver af om det giver mening at alle har deres egen dunk benzin med, eller om vi skal have en dunk liggende som man k\u00f8rer ud og fylder op bagefter. Lige nu er der en 20 liters r\u00f8d tank i b\u00e5den + en 10 liters sort dunk.<\/p>\n\n\n\n<h2 class=\"wp-block-heading\">Jagtetik og b\u00e6redygtighed<\/h2>\n\n\n\n<p>Husk n\u00e5r du tager ud at have viden om de generelle jagtetiske regler, som du kan finde her:<br><strong><a href=\"https:\/\/www.jaegerforbundet.dk\/media\/1313\/jagtetiske_regler.pdf\" target=\"_blank\" rel=\"noreferrer noopener\">Jagtetiske regler DJ<\/a><\/strong><\/p>\n\n\n\n<p>Det er prim\u00e6rt de tre dyk\u00e6nder; ederfugl kok, sortand og hvinand, der er relevante at jage, men der forefindes ogs\u00e5 sv\u00f8mme\u00e6nder.<\/p>\n\n\n\n<p>Husk jagtiderne efter s\u00e6son:<br><strong><a href=\"https:\/\/www.jaegerforbundet.dk\/jagt\/regler-og-sikkerhed\/jagttider\/\" target=\"_blank\" rel=\"noreferrer noopener\">Jagttider<\/a><\/strong><\/p>\n\n\n\n<p>Sv\u00f8mme\u00e6nder er generelt ikke jagtbare i januar p\u00e5 land, men det er de p\u00e5 havet.<\/p>\n\n\n\n<p>Husk at have rigeligt med patroner med og hjemtag kun de fugle du t\u00e6nker du kan afs\u00e6tte, enten til dig selv eller omgangskreds.<\/p>\n\n\n\n<p>Der er generelt ikke s\u00e5 mange fugle som f\u00f8r i tiden, men der er mange ederfuglekokke i forhold til hunner og i Danmark er den ikke presset, kun i Europa generelt.<\/p>\n\n\n\n<p>Herunder kan du tilv\u00e6lge ude i venstre side, &#8216;jagtfrie omr\u00e5der&#8217;, samt v\u00e6lge &#8216;Baggrundskort &gt; Sk\u00e6rmkort&#8217;, samt &#8216;Natura2000 &gt; &#8216;fuglebeskyttelse&#8217;, som er mest relevant syd for Hou:<br><strong><a rel=\"noreferrer noopener\" href=\"https:\/\/miljoegis.mim.dk\/cbkort?selectorgroups=themecontainer%20jagtvild%20Skove&amp;mapext=329424.51891471%206045269.4%20748854.91891471%206320520.6&amp;layers=theme-gst-dtkskaerm_daempet%20theme-pg-jagtfri%20natur_vildt_reservat&amp;mapheight=677&amp;mapwidth=1029&amp;profile=miljoegis-skovdrift\" target=\"_blank\">Jagtbegr\u00e6nsninger p\u00e5 fiskeriterritoriet<\/a><\/strong><\/p>\n\n\n\n<p><strong><a href=\"https:\/\/www.jaegerforbundet.dk\/jagt\/jagtformer\/strand-og-havjagt\/sikkerhed-pa-strand-og-havjagt\/\" target=\"_blank\" rel=\"noreferrer noopener\">Sikkerhed p\u00e5 strand- og havjagt<\/a><\/strong><\/p>\n","protected":false},"excerpt":{"rendered":"<p>Vi har i foreningen k\u00f8bt en Mopa Patrol Explorer. Med st\u00f8tte fra Danmarks J\u00e6gerforbund samt fra Sparekassen Danmark Hobrofonden har det v\u00e6ret muligt at indk\u00f8be en nyere,velholdt og sikker b\u00e5d. B\u00e5den er anskaffet i efter\u00e5ret 2025. Den kan bruges b\u00e5de &hellip; <a href=\"https:\/\/aarhusstrandjagtforening.dk\/?page_id=980\">L\u00e6s resten <span class=\"meta-nav\">&rarr;<\/span><\/a><\/p>\n","protected":false},"author":10,"featured_media":0,"parent":11,"menu_order":1,"comment_status":"closed","ping_status":"closed","template":"sidebar-page.php","meta":{"footnotes":""},"class_list":["post-980","page","type-page","status-publish","hentry"],"_links":{"self":[{"href":"https:\/\/aarhusstrandjagtforening.dk\/index.php?rest_route=\/wp\/v2\/pages\/980","targetHints":{"allow":["GET"]}}],"collection":[{"href":"https:\/\/aarhusstrandjagtforening.dk\/index.php?rest_route=\/wp\/v2\/pages"}],"about":[{"href":"https:\/\/aarhusstrandjagtforening.dk\/index.php?rest_route=\/wp\/v2\/types\/page"}],"author":[{"embeddable":true,"href":"https:\/\/aarhusstrandjagtforening.dk\/index.php?rest_route=\/wp\/v2\/users\/10"}],"replies":[{"embeddable":true,"href":"https:\/\/aarhusstrandjagtforening.dk\/index.php?rest_route=%2Fwp%2Fv2%2Fcomments&post=980"}],"version-history":[{"count":24,"href":"https:\/\/aarhusstrandjagtforening.dk\/index.php?rest_route=\/wp\/v2\/pages\/980\/revisions"}],"predecessor-version":[{"id":1332,"href":"https:\/\/aarhusstrandjagtforening.dk\/index.php?rest_route=\/wp\/v2\/pages\/980\/revisions\/1332"}],"up":[{"embeddable":true,"href":"https:\/\/aarhusstrandjagtforening.dk\/index.php?rest_route=\/wp\/v2\/pages\/11"}],"wp:attachment":[{"href":"https:\/\/aarhusstrandjagtforening.dk\/index.php?rest_route=%2Fwp%2Fv2%2Fmedia&parent=980"}],"curies":[{"name":"wp","href":"https:\/\/api.w.org\/{rel}","templated":true}]}}